



{"id":207,"date":"2015-10-09T16:01:30","date_gmt":"2015-10-09T15:01:30","guid":{"rendered":"http:\/\/www.homnis.fr\/?page_id=207"},"modified":"2015-10-12T16:36:12","modified_gmt":"2015-10-12T15:36:12","slug":"plan-du-site","status":"publish","type":"page","link":"http:\/\/www.homnis.fr\/index.php\/plan-du-site\/","title":{"rendered":"Plan du site"},"content":{"rendered":"<ul style=\"list-style-type:none\">\n<li><a href=\"http:\/\/www.homnis.fr\/\"><br \/>\n<h3>Home<\/h3>\n<p><\/a><\/li>\n<li><a href=\"http:\/\/www.homnis.fr\/#focus\"><br \/>\n<h3>Nos missions<\/h3>\n<p><\/a><\/li>\n<li>\n<ul style=\"list-style-type:none\">\n<li><a href=\"http:\/\/www.homnis.fr\/#coaching\"><br \/>\n<h3>Coaching<\/h3>\n<p><\/a><\/li>\n<li><a href=\"http:\/\/www.homnis.fr\/#consulting\"><br \/>\n<h3>Consulting<\/h3>\n<p><\/a><\/li>\n<\/ul>\n<\/li>\n<li><a href=\"http:\/\/www.homnis.fr\/#aboutus\"><br \/>\n<h3>Homnis<\/h3>\n<p><\/a><\/li>\n<li><a href=\"http:\/\/www.homnis.fr\/#contact\"><br \/>\n<h3>Contact<\/h3>\n<p><\/a><\/li>\n<li><a href=\"http:\/\/www.homnis.fr\/index.php\/mentions-legales\/\"><br \/>\n<h3>Mentions l\u00e9gales<\/h3>\n<p><\/a><\/li>\n<li><a href=\"http:\/\/www.homnis.fr\/index.php\/mentions-legales\/\"><br \/>\n<h3>Plan du site<\/h3>\n<p><\/a><\/li>\n<\/ul>\n","protected":false},"excerpt":{"rendered":"<p>Home Nos missions Coaching Consulting Homnis Contact Mentions l\u00e9gales Plan du site<\/p>\n","protected":false},"author":3,"featured_media":0,"parent":0,"menu_order":0,"comment_status":"closed","ping_status":"closed","template":"","meta":{"footnotes":""},"class_list":["post-207","page","type-page","status-publish","hentry"],"yoast_head":"<!-- This site is optimized with the Yoast SEO plugin v26.8 - https:\/\/yoast.com\/product\/yoast-seo-wordpress\/ -->\n<title>Homnis - Plan du site<\/title>\n<meta name=\"description\" content=\"Plan du site - Homnis est une soci\u00e9t\u00e9 sp\u00e9cialis\u00e9e en coaching et consulting, pour vous permettre de d\u00e9velopper ou de consolider votre entreprise.\" \/>\n<meta name=\"robots\" content=\"index, follow, max-snippet:-1, max-image-preview:large, max-video-preview:-1\" \/>\n<link rel=\"canonical\" href=\"http:\/\/www.homnis.fr\/index.php\/plan-du-site\/\" \/>\n<meta property=\"og:locale\" content=\"fr_FR\" \/>\n<meta property=\"og:type\" content=\"article\" \/>\n<meta property=\"og:title\" content=\"Homnis - Plan du site\" \/>\n<meta property=\"og:description\" content=\"Plan du site - Homnis est une soci\u00e9t\u00e9 sp\u00e9cialis\u00e9e en coaching et consulting, pour vous permettre de d\u00e9velopper ou de consolider votre entreprise.\" \/>\n<meta property=\"og:url\" content=\"http:\/\/www.homnis.fr\/index.php\/plan-du-site\/\" \/>\n<meta property=\"og:site_name\" content=\"Homnis\" \/>\n<meta property=\"article:modified_time\" content=\"2015-10-12T15:36:12+00:00\" \/>\n<meta name=\"twitter:card\" content=\"summary_large_image\" \/>\n<script type=\"application\/ld+json\" class=\"yoast-schema-graph\">{\"@context\":\"https:\/\/schema.org\",\"@graph\":[{\"@type\":\"WebPage\",\"@id\":\"http:\/\/www.homnis.fr\/index.php\/plan-du-site\/\",\"url\":\"http:\/\/www.homnis.fr\/index.php\/plan-du-site\/\",\"name\":\"Homnis - Plan du site\",\"isPartOf\":{\"@id\":\"http:\/\/www.homnis.fr\/#website\"},\"datePublished\":\"2015-10-09T15:01:30+00:00\",\"dateModified\":\"2015-10-12T15:36:12+00:00\",\"description\":\"Plan du site - Homnis est une soci\u00e9t\u00e9 sp\u00e9cialis\u00e9e en coaching et consulting, pour vous permettre de d\u00e9velopper ou de consolider votre entreprise.\",\"breadcrumb\":{\"@id\":\"http:\/\/www.homnis.fr\/index.php\/plan-du-site\/#breadcrumb\"},\"inLanguage\":\"fr-FR\",\"potentialAction\":[{\"@type\":\"ReadAction\",\"target\":[\"http:\/\/www.homnis.fr\/index.php\/plan-du-site\/\"]}]},{\"@type\":\"BreadcrumbList\",\"@id\":\"http:\/\/www.homnis.fr\/index.php\/plan-du-site\/#breadcrumb\",\"itemListElement\":[{\"@type\":\"ListItem\",\"position\":1,\"name\":\"Accueil\",\"item\":\"http:\/\/www.homnis.fr\/\"},{\"@type\":\"ListItem\",\"position\":2,\"name\":\"Plan du site\"}]},{\"@type\":\"WebSite\",\"@id\":\"http:\/\/www.homnis.fr\/#website\",\"url\":\"http:\/\/www.homnis.fr\/\",\"name\":\"Homnis\",\"description\":\"Coaching &amp; consulting\",\"publisher\":{\"@id\":\"http:\/\/www.homnis.fr\/#organization\"},\"potentialAction\":[{\"@type\":\"SearchAction\",\"target\":{\"@type\":\"EntryPoint\",\"urlTemplate\":\"http:\/\/www.homnis.fr\/?s={search_term_string}\"},\"query-input\":{\"@type\":\"PropertyValueSpecification\",\"valueRequired\":true,\"valueName\":\"search_term_string\"}}],\"inLanguage\":\"fr-FR\"},{\"@type\":\"Organization\",\"@id\":\"http:\/\/www.homnis.fr\/#organization\",\"name\":\"Homnis\",\"url\":\"http:\/\/www.homnis.fr\/\",\"logo\":{\"@type\":\"ImageObject\",\"inLanguage\":\"fr-FR\",\"@id\":\"http:\/\/www.homnis.fr\/#\/schema\/logo\/image\/\",\"url\":\"http:\/\/www.homnis.fr\/wp-content\/uploads\/2015\/06\/Logo-HOMNIS_350_noir.png\",\"contentUrl\":\"http:\/\/www.homnis.fr\/wp-content\/uploads\/2015\/06\/Logo-HOMNIS_350_noir.png\",\"width\":500,\"height\":216,\"caption\":\"Homnis\"},\"image\":{\"@id\":\"http:\/\/www.homnis.fr\/#\/schema\/logo\/image\/\"}}]}<\/script>\n<!-- \/ Yoast SEO plugin. -->","yoast_head_json":{"title":"Homnis - Plan du site","description":"Plan du site - Homnis est une soci\u00e9t\u00e9 sp\u00e9cialis\u00e9e en coaching et consulting, pour vous permettre de d\u00e9velopper ou de consolider votre entreprise.","robots":{"index":"index","follow":"follow","max-snippet":"max-snippet:-1","max-image-preview":"max-image-preview:large","max-video-preview":"max-video-preview:-1"},"canonical":"http:\/\/www.homnis.fr\/index.php\/plan-du-site\/","og_locale":"fr_FR","og_type":"article","og_title":"Homnis - Plan du site","og_description":"Plan du site - Homnis est une soci\u00e9t\u00e9 sp\u00e9cialis\u00e9e en coaching et consulting, pour vous permettre de d\u00e9velopper ou de consolider votre entreprise.","og_url":"http:\/\/www.homnis.fr\/index.php\/plan-du-site\/","og_site_name":"Homnis","article_modified_time":"2015-10-12T15:36:12+00:00","twitter_card":"summary_large_image","schema":{"@context":"https:\/\/schema.org","@graph":[{"@type":"WebPage","@id":"http:\/\/www.homnis.fr\/index.php\/plan-du-site\/","url":"http:\/\/www.homnis.fr\/index.php\/plan-du-site\/","name":"Homnis - Plan du site","isPartOf":{"@id":"http:\/\/www.homnis.fr\/#website"},"datePublished":"2015-10-09T15:01:30+00:00","dateModified":"2015-10-12T15:36:12+00:00","description":"Plan du site - Homnis est une soci\u00e9t\u00e9 sp\u00e9cialis\u00e9e en coaching et consulting, pour vous permettre de d\u00e9velopper ou de consolider votre entreprise.","breadcrumb":{"@id":"http:\/\/www.homnis.fr\/index.php\/plan-du-site\/#breadcrumb"},"inLanguage":"fr-FR","potentialAction":[{"@type":"ReadAction","target":["http:\/\/www.homnis.fr\/index.php\/plan-du-site\/"]}]},{"@type":"BreadcrumbList","@id":"http:\/\/www.homnis.fr\/index.php\/plan-du-site\/#breadcrumb","itemListElement":[{"@type":"ListItem","position":1,"name":"Accueil","item":"http:\/\/www.homnis.fr\/"},{"@type":"ListItem","position":2,"name":"Plan du site"}]},{"@type":"WebSite","@id":"http:\/\/www.homnis.fr\/#website","url":"http:\/\/www.homnis.fr\/","name":"Homnis","description":"Coaching &amp; consulting","publisher":{"@id":"http:\/\/www.homnis.fr\/#organization"},"potentialAction":[{"@type":"SearchAction","target":{"@type":"EntryPoint","urlTemplate":"http:\/\/www.homnis.fr\/?s={search_term_string}"},"query-input":{"@type":"PropertyValueSpecification","valueRequired":true,"valueName":"search_term_string"}}],"inLanguage":"fr-FR"},{"@type":"Organization","@id":"http:\/\/www.homnis.fr\/#organization","name":"Homnis","url":"http:\/\/www.homnis.fr\/","logo":{"@type":"ImageObject","inLanguage":"fr-FR","@id":"http:\/\/www.homnis.fr\/#\/schema\/logo\/image\/","url":"http:\/\/www.homnis.fr\/wp-content\/uploads\/2015\/06\/Logo-HOMNIS_350_noir.png","contentUrl":"http:\/\/www.homnis.fr\/wp-content\/uploads\/2015\/06\/Logo-HOMNIS_350_noir.png","width":500,"height":216,"caption":"Homnis"},"image":{"@id":"http:\/\/www.homnis.fr\/#\/schema\/logo\/image\/"}}]}},"_links":{"self":[{"href":"http:\/\/www.homnis.fr\/index.php\/wp-json\/wp\/v2\/pages\/207","targetHints":{"allow":["GET"]}}],"collection":[{"href":"http:\/\/www.homnis.fr\/index.php\/wp-json\/wp\/v2\/pages"}],"about":[{"href":"http:\/\/www.homnis.fr\/index.php\/wp-json\/wp\/v2\/types\/page"}],"author":[{"embeddable":true,"href":"http:\/\/www.homnis.fr\/index.php\/wp-json\/wp\/v2\/users\/3"}],"replies":[{"embeddable":true,"href":"http:\/\/www.homnis.fr\/index.php\/wp-json\/wp\/v2\/comments?post=207"}],"version-history":[{"count":5,"href":"http:\/\/www.homnis.fr\/index.php\/wp-json\/wp\/v2\/pages\/207\/revisions"}],"predecessor-version":[{"id":212,"href":"http:\/\/www.homnis.fr\/index.php\/wp-json\/wp\/v2\/pages\/207\/revisions\/212"}],"wp:attachment":[{"href":"http:\/\/www.homnis.fr\/index.php\/wp-json\/wp\/v2\/media?parent=207"}],"curies":[{"name":"wp","href":"https:\/\/api.w.org\/{rel}","templated":true}]}}